{"id":6847,"date":"2025-11-23T15:52:19","date_gmt":"2025-11-23T18:52:19","guid":{"rendered":"https:\/\/iadoo.com\/?page_id=6847"},"modified":"2025-12-03T02:14:59","modified_gmt":"2025-12-03T05:14:59","slug":"politica-de-privacidad","status":"publish","type":"page","link":"https:\/\/iadoo.com\/es-la\/politica-de-privacidad\/","title":{"rendered":"Pol\u00edtica de Privacidad"},"content":{"rendered":"\t\t<div data-elementor-type=\"wp-page\" data-elementor-id=\"6847\" class=\"elementor elementor-6847\" data-elementor-settings=\"{&quot;ha_cmc_init_switcher&quot;:&quot;no&quot;}\" data-elementor-post-type=\"page\">\n\t\t\t\t<div class=\"elementor-element elementor-element-25cb71a e-flex e-con-boxed e-con e-parent\" data-id=\"25cb71a\" data-element_type=\"container\" data-e-type=\"container\" data-settings=\"{&quot;background_background&quot;:&quot;gradient&quot;,&quot;_ha_eqh_enable&quot;:false}\">\n\t\t\t\t\t<div class=\"e-con-inner\">\n\t\t\t\t\t<\/div>\n\t\t\t\t<\/div>\n\t\t<div class=\"elementor-element elementor-element-0977ad1 e-flex e-con-boxed e-con e-parent\" data-id=\"0977ad1\" data-element_type=\"container\" data-e-type=\"container\" data-settings=\"{&quot;background_background&quot;:&quot;classic&quot;,&quot;_ha_eqh_enable&quot;:false}\">\n\t\t\t\t\t<div class=\"e-con-inner\">\n\t\t\t\t<div class=\"elementor-element elementor-element-df1a57c ha-has-bg-overlay elementor-widget elementor-widget-text-editor\" data-id=\"df1a57c\" data-element_type=\"widget\" data-e-type=\"widget\" data-widget_type=\"text-editor.default\">\n\t\t\t\t<div class=\"elementor-widget-container\">\n\t\t\t\t\t\t\t\t\t<p>Esta pol\u00edtica describe c\u00f3mo recopilamos, utilizamos y protegemos la informaci\u00f3n de los usuarios. Los datos proporcionados voluntariamente a trav\u00e9s de formularios, consultas o solicitudes de servicios se utilizan \u00fanicamente para comunicaci\u00f3n, atenci\u00f3n y mejoras internas.<\/p><p><br \/>La informaci\u00f3n personal no se vende, comparte ni divulga a terceros, salvo que exista una obligaci\u00f3n legal o sea necesaria para la correcta prestaci\u00f3n de los servicios contratados.<\/p><p><br \/>Aplicamos medidas de seguridad para proteger los datos frente a accesos no autorizados. El usuario puede solicitar la actualizaci\u00f3n o eliminaci\u00f3n de su informaci\u00f3n en cualquier momento a trav\u00e9s de los canales de contacto disponibles.<\/p><p><br \/>El uso de este sitio implica la aceptaci\u00f3n de esta pol\u00edtica.<\/p>\t\t\t\t\t\t\t\t<\/div>\n\t\t\t\t<\/div>\n\t\t\t\t\t<\/div>\n\t\t\t\t<\/div>\n\t\t\t\t<\/div>\n\t\t","protected":false},"excerpt":{"rendered":"<p>Esta pol\u00edtica describe c\u00f3mo recopilamos, utilizamos y protegemos la informaci\u00f3n de los usuarios. Los datos proporcionados voluntariamente a trav\u00e9s de formularios, consultas o solicitudes de servicios se utilizan \u00fanicamente para comunicaci\u00f3n, atenci\u00f3n y mejoras internas. La informaci\u00f3n personal no se vende, comparte ni divulga a terceros, salvo que exista una obligaci\u00f3n legal o sea necesaria [&hellip;]<\/p>\n","protected":false},"author":1,"featured_media":0,"parent":0,"menu_order":0,"comment_status":"closed","ping_status":"closed","template":"","meta":{"footnotes":""},"class_list":["post-6847","page","type-page","status-publish","hentry"],"yoast_head":"<!-- This site is optimized with the Yoast SEO Premium plugin v27.3 (Yoast SEO v27.4) - https:\/\/yoast.com\/product\/yoast-seo-premium-wordpress\/ -->\n<title>Pol\u00edtica de Privacidad - Iadoo<\/title>\n<meta name=\"robots\" content=\"index, follow, max-snippet:-1, max-image-preview:large, max-video-preview:-1\" \/>\n<link rel=\"canonical\" href=\"https:\/\/iadoo.com\/es-la\/politica-de-privacidad\/\" \/>\n<meta property=\"og:locale\" content=\"es_ES\" \/>\n<meta property=\"og:type\" content=\"article\" \/>\n<meta property=\"og:title\" content=\"Pol\u00edtica de Privacidad\" \/>\n<meta property=\"og:description\" content=\"Esta pol\u00edtica describe c\u00f3mo recopilamos, utilizamos y protegemos la informaci\u00f3n de los usuarios. Los datos proporcionados voluntariamente a trav\u00e9s de formularios, consultas o solicitudes de servicios se utilizan \u00fanicamente para comunicaci\u00f3n, atenci\u00f3n y mejoras internas. La informaci\u00f3n personal no se vende, comparte ni divulga a terceros, salvo que exista una obligaci\u00f3n legal o sea necesaria [&hellip;]\" \/>\n<meta property=\"og:url\" content=\"https:\/\/iadoo.com\/es-la\/politica-de-privacidad\/\" \/>\n<meta property=\"og:site_name\" content=\"Iadoo\" \/>\n<meta property=\"article:publisher\" content=\"https:\/\/www.facebook.com\/iadooagenciadigital\/\" \/>\n<meta property=\"article:modified_time\" content=\"2025-12-03T05:14:59+00:00\" \/>\n<meta property=\"og:image\" content=\"https:\/\/iadoo.com\/wp-content\/uploads\/2025\/04\/logo-Iadoo-SinSmba.png\" \/>\n\t<meta property=\"og:image:width\" content=\"1444\" \/>\n\t<meta property=\"og:image:height\" content=\"428\" \/>\n\t<meta property=\"og:image:type\" content=\"image\/png\" \/>\n<meta name=\"twitter:card\" content=\"summary_large_image\" \/>\n<meta name=\"twitter:label1\" content=\"Tiempo de lectura\" \/>\n\t<meta name=\"twitter:data1\" content=\"1 minuto\" \/>\n<script type=\"application\/ld+json\" class=\"yoast-schema-graph\">{\"@context\":\"https:\\\/\\\/schema.org\",\"@graph\":[{\"@type\":\"WebPage\",\"@id\":\"https:\\\/\\\/iadoo.com\\\/politica-de-privacidad\\\/\",\"url\":\"https:\\\/\\\/iadoo.com\\\/politica-de-privacidad\\\/\",\"name\":\"Pol\u00edtica de Privacidad - Iadoo\",\"isPartOf\":{\"@id\":\"https:\\\/\\\/iadoo.com\\\/#website\"},\"datePublished\":\"2025-11-23T18:52:19+00:00\",\"dateModified\":\"2025-12-03T05:14:59+00:00\",\"breadcrumb\":{\"@id\":\"https:\\\/\\\/iadoo.com\\\/politica-de-privacidad\\\/#breadcrumb\"},\"inLanguage\":\"es\",\"potentialAction\":[{\"@type\":\"ReadAction\",\"target\":[\"https:\\\/\\\/iadoo.com\\\/politica-de-privacidad\\\/\"]}]},{\"@type\":\"BreadcrumbList\",\"@id\":\"https:\\\/\\\/iadoo.com\\\/politica-de-privacidad\\\/#breadcrumb\",\"itemListElement\":[{\"@type\":\"ListItem\",\"position\":1,\"name\":\"Principal\",\"item\":\"https:\\\/\\\/iadoo.com\\\/\"},{\"@type\":\"ListItem\",\"position\":2,\"name\":\"Pol\u00edtica de Privacidad\"}]},{\"@type\":\"WebSite\",\"@id\":\"https:\\\/\\\/iadoo.com\\\/#website\",\"url\":\"https:\\\/\\\/iadoo.com\\\/\",\"name\":\"Iadoo\",\"description\":\"Iadoo Agencia Digital\",\"publisher\":{\"@id\":\"https:\\\/\\\/iadoo.com\\\/#organization\"},\"alternateName\":\"Iadoo Agencia Digital\",\"potentialAction\":[{\"@type\":\"SearchAction\",\"target\":{\"@type\":\"EntryPoint\",\"urlTemplate\":\"https:\\\/\\\/iadoo.com\\\/?s={search_term_string}\"},\"query-input\":{\"@type\":\"PropertyValueSpecification\",\"valueRequired\":true,\"valueName\":\"search_term_string\"}}],\"inLanguage\":\"es\"},{\"@type\":\"Organization\",\"@id\":\"https:\\\/\\\/iadoo.com\\\/#organization\",\"name\":\"Iadoo\",\"alternateName\":\"Iadoo Agencia Digital\",\"url\":\"https:\\\/\\\/iadoo.com\\\/\",\"logo\":{\"@type\":\"ImageObject\",\"inLanguage\":\"es\",\"@id\":\"https:\\\/\\\/iadoo.com\\\/#\\\/schema\\\/logo\\\/image\\\/\",\"url\":\"https:\\\/\\\/iadoo.com\\\/wp-content\\\/uploads\\\/2025\\\/04\\\/logo-Iadoo-SinSmba.png\",\"contentUrl\":\"https:\\\/\\\/iadoo.com\\\/wp-content\\\/uploads\\\/2025\\\/04\\\/logo-Iadoo-SinSmba.png\",\"width\":1444,\"height\":428,\"caption\":\"Iadoo\"},\"image\":{\"@id\":\"https:\\\/\\\/iadoo.com\\\/#\\\/schema\\\/logo\\\/image\\\/\"},\"sameAs\":[\"https:\\\/\\\/www.facebook.com\\\/iadooagenciadigital\\\/\",\"https:\\\/\\\/www.instagram.com\\\/iadooagenciadigital\\\/\",\"https:\\\/\\\/www.pinterest.com\\\/iadooagenciadigital\\\/\"]}]}<\/script>\n<!-- \/ Yoast SEO Premium plugin. -->","yoast_head_json":{"title":"Pol\u00edtica de Privacidad - Iadoo","robots":{"index":"index","follow":"follow","max-snippet":"max-snippet:-1","max-image-preview":"max-image-preview:large","max-video-preview":"max-video-preview:-1"},"canonical":"https:\/\/iadoo.com\/es-la\/politica-de-privacidad\/","og_locale":"es_ES","og_type":"article","og_title":"Pol\u00edtica de Privacidad","og_description":"Esta pol\u00edtica describe c\u00f3mo recopilamos, utilizamos y protegemos la informaci\u00f3n de los usuarios. Los datos proporcionados voluntariamente a trav\u00e9s de formularios, consultas o solicitudes de servicios se utilizan \u00fanicamente para comunicaci\u00f3n, atenci\u00f3n y mejoras internas. La informaci\u00f3n personal no se vende, comparte ni divulga a terceros, salvo que exista una obligaci\u00f3n legal o sea necesaria [&hellip;]","og_url":"https:\/\/iadoo.com\/es-la\/politica-de-privacidad\/","og_site_name":"Iadoo","article_publisher":"https:\/\/www.facebook.com\/iadooagenciadigital\/","article_modified_time":"2025-12-03T05:14:59+00:00","og_image":[{"width":1444,"height":428,"url":"https:\/\/iadoo.com\/wp-content\/uploads\/2025\/04\/logo-Iadoo-SinSmba.png","type":"image\/png"}],"twitter_card":"summary_large_image","twitter_misc":{"Tiempo de lectura":"1 minuto"},"schema":{"@context":"https:\/\/schema.org","@graph":[{"@type":"WebPage","@id":"https:\/\/iadoo.com\/politica-de-privacidad\/","url":"https:\/\/iadoo.com\/politica-de-privacidad\/","name":"Pol\u00edtica de Privacidad - Iadoo","isPartOf":{"@id":"https:\/\/iadoo.com\/#website"},"datePublished":"2025-11-23T18:52:19+00:00","dateModified":"2025-12-03T05:14:59+00:00","breadcrumb":{"@id":"https:\/\/iadoo.com\/politica-de-privacidad\/#breadcrumb"},"inLanguage":"es","potentialAction":[{"@type":"ReadAction","target":["https:\/\/iadoo.com\/politica-de-privacidad\/"]}]},{"@type":"BreadcrumbList","@id":"https:\/\/iadoo.com\/politica-de-privacidad\/#breadcrumb","itemListElement":[{"@type":"ListItem","position":1,"name":"Principal","item":"https:\/\/iadoo.com\/"},{"@type":"ListItem","position":2,"name":"Pol\u00edtica de Privacidad"}]},{"@type":"WebSite","@id":"https:\/\/iadoo.com\/#website","url":"https:\/\/iadoo.com\/","name":"Iadoo","description":"Iadoo Agencia Digital","publisher":{"@id":"https:\/\/iadoo.com\/#organization"},"alternateName":"Iadoo Agencia Digital","potentialAction":[{"@type":"SearchAction","target":{"@type":"EntryPoint","urlTemplate":"https:\/\/iadoo.com\/?s={search_term_string}"},"query-input":{"@type":"PropertyValueSpecification","valueRequired":true,"valueName":"search_term_string"}}],"inLanguage":"es"},{"@type":"Organization","@id":"https:\/\/iadoo.com\/#organization","name":"Iadoo","alternateName":"Iadoo Agencia Digital","url":"https:\/\/iadoo.com\/","logo":{"@type":"ImageObject","inLanguage":"es","@id":"https:\/\/iadoo.com\/#\/schema\/logo\/image\/","url":"https:\/\/iadoo.com\/wp-content\/uploads\/2025\/04\/logo-Iadoo-SinSmba.png","contentUrl":"https:\/\/iadoo.com\/wp-content\/uploads\/2025\/04\/logo-Iadoo-SinSmba.png","width":1444,"height":428,"caption":"Iadoo"},"image":{"@id":"https:\/\/iadoo.com\/#\/schema\/logo\/image\/"},"sameAs":["https:\/\/www.facebook.com\/iadooagenciadigital\/","https:\/\/www.instagram.com\/iadooagenciadigital\/","https:\/\/www.pinterest.com\/iadooagenciadigital\/"]}]}},"_links":{"self":[{"href":"https:\/\/iadoo.com\/es-la\/wp-json\/wp\/v2\/pages\/6847","targetHints":{"allow":["GET"]}}],"collection":[{"href":"https:\/\/iadoo.com\/es-la\/wp-json\/wp\/v2\/pages"}],"about":[{"href":"https:\/\/iadoo.com\/es-la\/wp-json\/wp\/v2\/types\/page"}],"author":[{"embeddable":true,"href":"https:\/\/iadoo.com\/es-la\/wp-json\/wp\/v2\/users\/1"}],"replies":[{"embeddable":true,"href":"https:\/\/iadoo.com\/es-la\/wp-json\/wp\/v2\/comments?post=6847"}],"version-history":[{"count":5,"href":"https:\/\/iadoo.com\/es-la\/wp-json\/wp\/v2\/pages\/6847\/revisions"}],"predecessor-version":[{"id":7797,"href":"https:\/\/iadoo.com\/es-la\/wp-json\/wp\/v2\/pages\/6847\/revisions\/7797"}],"wp:attachment":[{"href":"https:\/\/iadoo.com\/es-la\/wp-json\/wp\/v2\/media?parent=6847"}],"curies":[{"name":"wp","href":"https:\/\/api.w.org\/{rel}","templated":true}]}}